{"id":7077,"date":"2023-12-11T10:45:25","date_gmt":"2023-12-11T09:45:25","guid":{"rendered":"https:\/\/biomedandtechtalks.com\/web\/politica-privacidad\/"},"modified":"2023-12-13T18:18:40","modified_gmt":"2023-12-13T17:18:40","slug":"privacy-notice","status":"publish","type":"page","link":"https:\/\/biomedandtechtalks.com\/en\/privacy-notice\/","title":{"rendered":"Privacy notice"},"content":{"rendered":"\r\n<h2 class=\"wp-block-heading\">1.- \u00bfCU\u00c1L ES LA EMPRESA RESPONSABLE DEL TRATAMIENTO DE SUS DATOS?<\/h2>\r\n<p>La empresa responsable del tratamiento de sus datos es Medina Media S.L. (en adelante, \u201cMEDINA MEDIA\u201d o la \u201cEMPRESA\u201d) con n\u00famero de C.I.F.: B-93634954 y domicilio social en Plaza de la Constituci\u00f3n, 12, 28270 Colmenarejo, Madrid (Espa\u00f1a).<\/p>\r\n<p>La presente pol\u00edtica de privacidad regula el acceso, navegaci\u00f3n y el uso del sitio web (en adelante, el \u201cSitio Web\u201d), que LA EMPRESA pone a disposici\u00f3n de los interesados.<\/p>\r\n<h2>2.- RECOMENDACIONES<\/h2>\r\n<p>Por favor lea detenidamente y siga las siguientes recomendaciones:<\/p>\r\n<p>El Sitio Web no est\u00e1 dirigido a menores de edad. Por favor active el control parental para prevenir y controlar el acceso de menores de edad a Internet e informar a los menores de edad sobre aspectos relativos a la seguridad.<\/p>\r\n<p>Mantenga en su equipo un software antivirus instalado y debidamente actualizado, que garantice que su equipo se encuentra libre de software maligno, as\u00ed como de aplicaciones spyware que pongan en riesgo su navegaci\u00f3n en Internet, y en peligro la informaci\u00f3n alojada en el equipo.<\/p>\r\n<p>Revise y lea los textos legales, as\u00ed como la presente Pol\u00edtica de Privacidad que LA EMPRESA pone a su disposici\u00f3n en el Sitio Web.<\/p>\r\n<h2>3.- \u00bfPOR QU\u00c9 LA EMPRESA EST\u00c1 LEGITIMADA PARA LLEVAR A CABO EL TRATAMIENTO DE SUS DATOS?<\/h2>\r\n<p>LA EMPRESA tiene legitimaci\u00f3n para el tratamiento de sus datos para la prestaci\u00f3n de los Servicios ofrecidos en el Sitio Web.<\/p>\r\n<p>La comunicaci\u00f3n de los datos personales por parte del Usuario a LA EMPRESA es un requisito necesario para la prestaci\u00f3n de los Servicios ofrecidos en el Sitio Web, por lo que, la omisi\u00f3n de la informaci\u00f3n imposibilitar\u00e1 la prestaci\u00f3n de los Servicios por parte de LA EMPRESA.<\/p>\r\n<p>LA EMPRESA se toma muy en serio la protecci\u00f3n de su privacidad y de sus datos personales. Por lo tanto, su informaci\u00f3n personal se conserva de forma segura y se trata con el m\u00e1ximo cuidado.<\/p>\r\n<h2>4.- \u00bfCU\u00c1LES SON LAS FINALIDADES DEL TRATAMIENTO DE SUS DATOS DE CAR\u00c1CTER PERSONAL?<\/h2>\r\n<p>LA EMPRESA se compromete a que los datos de car\u00e1cter personal solicitados ser\u00e1n los estrictamente necesarios para llevar a cabo el servicio demandado. Se le informar\u00e1 en su caso de la obligatoriedad de facilitar determinados datos, sin los cuales no ser\u00eda posible llevar a cabo la prestaci\u00f3n.<\/p>\r\n<p><strong>Tratamiento de datos personales por parte de la EMPRESA<\/strong><\/p>\r\n<p>En cumplimiento de lo dispuesto en la normativa aplicable en materia de protecci\u00f3n de datos, ponemos en conocimiento del Usuario que los datos recabados a trav\u00e9s de cualesquiera formularios de recogida de datos del Sitio Web ser\u00e1n incorporados a un fichero automatizado de datos de car\u00e1cter personal del que es responsable la EMPRESA. Todos los campos de los formularios de recogida de datos ser\u00e1n de obligada cumplimentaci\u00f3n (salvo que se indique lo contrario), de tal modo que la omisi\u00f3n de alguno de ellos comportar\u00e1 la imposibilidad de que podamos atender su solicitud.<\/p>\r\n<p>Los datos recabados por la EMPRESA se conservar\u00e1n siempre y cuando no se solicite su supresi\u00f3n de dichos datos por el Interesado.<\/p>\r\n<p>Conforme al Principio de Limitaci\u00f3n de la Finalidad de los Datos recogido en el Reglamento (UE) 2016\/679 del Parlamento Europeo y del Consejo, de 27 de abril de 2016, relativo a la protecci\u00f3n de las personas f\u00edsicas en lo que respecta al tratamiento de datos personales y a la libre circulaci\u00f3n de estos datos (en adelante, RGPD), se informa al Interesado que sus datos ser\u00e1n recogidos \u00fanicamente para los fines expuestos en los p\u00e1rrafos anteriores y no ser\u00e1n tratados de manera incompatible con dichos fines.<\/p>\r\n<p><strong>(i) Finalidades del tratamiento:<\/strong><\/p>\r\n<p>LA EMPRESA se compromete a que los datos de car\u00e1cter personal solicitados ser\u00e1n los estrictamente necesarios para llevar a cabo las finalidades que se detallan a continuaci\u00f3n. En este sentido, sus datos de car\u00e1cter personal podr\u00e1n ser utilizados para las siguientes finalidades:<\/p>\r\n<ul>\r\n<li>Prestarle los servicios que ofrece el Sitio Web.<\/li>\r\n<li>Registro e inscripci\u00f3n para participar en eventos organizados por la EMPRESA.<\/li>\r\n<li>Gesti\u00f3n de descuentos en transporte\/alojamiento una vez inscrito en el evento.<\/li>\r\n<li>Suscripci\u00f3n a Newsletter para fines informativos (noticias del sector, agenda de eventos etc\u2026<\/li>\r\n<li>En concreto, sus datos personales ser\u00e1n utilizados para remitirle Newsletters, y comunicaciones comerciales y promocionales relacionadas con los servicios que presta la EMPRESA, correo electr\u00f3nico o por otros medios de comunicaci\u00f3n electr\u00f3nica equivalentes como pueden ser las diferentes redes sociales y ello al amparo de lo establecido en la normativa aplicable en materia de privacidad y comunicaciones comerciales.<\/li>\r\n<\/ul>\r\n<p>Le informamos que podr\u00e1 oponerse en todo momento a que sus datos sean tratados con la finalidad de publicidad y prospecci\u00f3n comercial y que podr\u00e1 solicitar m\u00e1s informaci\u00f3n sobre el tratamiento de sus datos personales mediante el env\u00edo de un correo electr\u00f3nico a la siguiente direcci\u00f3n:\u00a0<a href=\"mailto:comunicacionweb@medinamedia.es\">comunicacionweb@medinamedia.es<\/a>.<\/p>\r\n<h2>5.- VERACIDAD<strong>\u00a0Y CALIDAD DE LOS DATOS<\/strong><\/h2>\r\n<p>El Usuario garantiza que los datos personales facilitados son exactos y veraces y se hace responsable de comunicar a LA EMPRESA cualquier modificaci\u00f3n de los mismos. El Usuario responder\u00e1, en cualquier caso, de la veracidad de los datos facilitados, reserv\u00e1ndose LA EMPRESA el derecho a excluir de los servicios registrados a todo Usuario que haya facilitado datos falsos, sin perjuicio de las dem\u00e1s acciones que procedan en Derecho.<\/p>\r\n<h2>6.- DERECHOS DE LOS USUARIOS<\/h2>\r\n<p>El Usuario tiene derecho a (i) acceder a sus datos personales, as\u00ed como a (ii) solicitar la rectificaci\u00f3n de los datos inexactos o incompletos o, en su caso, (iii) solicitar su supresi\u00f3n, (iv) solicitar la limitaci\u00f3n del tratamiento de sus datos, (v) oponerse al tratamiento de sus datos (vi) ejercer el derecho al olvido y (vii) solicitar su portabilidad.<\/p>\r\n<p>Usted podr\u00e1 ejercitar, en cualquier momento, sus derechos en la direcci\u00f3n de e-mail\u00a0<a href=\"mailto:comunicacionweb@medinamedia.es\">comunicacionweb@medinamedia.es<\/a>\u00a0\u00a0o bien por correo ordinario dirigido a la direcci\u00f3n facilitada en el apartado 1 de esta Pol\u00edtica de Privacidad. Para ejercer dichos derechos ser\u00e1 necesario que adjunte una fotocopia de su Documento Nacional de Identidad o cualquier otro medio v\u00e1lido en Derecho.<\/p>\r\n<p>En determinadas circunstancias, los Usuarios podr\u00e1n solicitar la limitaci\u00f3n del tratamiento de sus datos, en cuyo caso \u00fanicamente ser\u00e1n conservados para el ejercicio o defensa de reclamaciones.<\/p>\r\n<p>Los Usuarios podr\u00e1n retirar el consentimiento prestado para el uso de sus datos con la finalidad de env\u00edo de Newsletters o informaci\u00f3n comercial en cualquier momento.<\/p>\r\n<p>Sin perjuicio de cualquier otro recurso administrativo o acci\u00f3n judicial, los Usuarios tendr\u00e1n derecho a presentar una reclamaci\u00f3n ante una Autoridad de Control, en Usuario en el Estado miembro en el que tenga su residencia habitual, lugar de trabajo o lugar de la supuesta infracci\u00f3n, en caso de que considere que el tratamiento de sus datos personales no es adecuado a la normativa, as\u00ed como en el caso de no ver satisfecho el ejercicio de sus derechos. La autoridad de control ante la que se haya presentado la reclamaci\u00f3n informar\u00e1 al reclamante sobre el curso y el resultado de la reclamaci\u00f3n.<\/p>\r\n<h2>7.- MEDIDAS DE SEGURIDAD<\/h2>\r\n<p>La EMPRESA mantiene los niveles de seguridad de protecci\u00f3n de datos personales conforme a la normativa aplicable y ha establecido todos los medios t\u00e9cnicos a su alcance para evitar la p\u00e9rdida, mal uso, alteraci\u00f3n, acceso no autorizado y robo de los datos que el Interesado facilite a trav\u00e9s del Sitio Web, sin perjuicio de informarle de que las medidas de seguridad en Internet no son inexpugnables.<\/p>\r\n<p>La EMPRESA se compromete a cumplir con el deber de secreto y confidencialidad respecto de los datos personales contenidos en el fichero automatizado de acuerdo con la legislaci\u00f3n aplicable.<\/p>\r\n<h2>8.- CAMBIOS DE LA POL\u00cdTICA DE PRIVACIDAD Y PREGUNTAS<\/h2>\r\n<p>LA EMPRESA se reserva el derecho de revisar su Pol\u00edtica de Privacidad en el momento que lo considere oportuno, en cuyo caso se comunicar\u00e1 a los Usuarios los cambios realizados. No obstante, le rogamos que compruebe de forma regular esta declaraci\u00f3n de privacidad para leer la versi\u00f3n m\u00e1s reciente de la pol\u00edtica de privacidad de LA EMPRESA.<\/p>\r\n<p>Si tienen alguna pregunta sobre esta Pol\u00edtica de Privacidad o el tratamiento de sus datos rogamos que se ponga en contacto con nosotros mediante correo electr\u00f3nico dirigido\u00a0<a href=\"mailto:comunicacionweb@medinamedia.es\">comunicacionweb@medinamedia.es<\/a><\/p>\r\n<h2>9.- ACEPTACI\u00d3N Y CONSENTIMIENTO<\/h2>\r\n<p>El Usuario, tras la suscripci\u00f3n a nuestra Newsletter, declara haber sido informado de las condiciones sobre protecci\u00f3n de datos personales, aceptando y consintiendo de forma expresa el tratamiento de los mismos por parte de la EMPRESA, en la forma y para las finalidades indicadas en la presente Pol\u00edtica de Privacidad.<\/p>\r\n","protected":false},"excerpt":{"rendered":"<p>1.- \u00bfCU\u00c1L ES LA EMPRESA RESPONSABLE DEL TRATAMIENTO DE SUS DATOS? La empresa responsable del tratamiento de sus datos es Medina Media S.L. (en adelante, \u201cMEDINA MEDIA\u201d o la \u201cEMPRESA\u201d) con n\u00famero de C.I.F.: B-93634954 y domicilio social en Plaza de la Constituci\u00f3n, 12, 28270 Colmenarejo, Madrid (Espa\u00f1a). La presente pol\u00edtica de privacidad regula el [&hellip;]<\/p>\n","protected":false},"author":1,"featured_media":0,"parent":0,"menu_order":0,"comment_status":"closed","ping_status":"closed","template":"","meta":{"_acf_changed":false,"inline_featured_image":false,"footnotes":""},"class_list":["post-7077","page","type-page","status-publish","hentry"],"acf":[],"yoast_head":"<!-- This site is optimized with the Yoast SEO plugin v27.3 - https:\/\/yoast.com\/product\/yoast-seo-wordpress\/ -->\n<title>Privacy notice &#8212; Bio Med &amp; Tech Talks<\/title>\n<meta name=\"robots\" content=\"index, follow, max-snippet:-1, max-image-preview:large, max-video-preview:-1\" \/>\n<link rel=\"canonical\" href=\"https:\/\/biomedandtechtalks.com\/en\/privacy-notice\/\" \/>\n<meta property=\"og:locale\" content=\"en_US\" \/>\n<meta property=\"og:type\" content=\"article\" \/>\n<meta property=\"og:title\" content=\"Privacy notice &#8212; Bio Med &amp; Tech Talks\" \/>\n<meta property=\"og:description\" content=\"1.- \u00bfCU\u00c1L ES LA EMPRESA RESPONSABLE DEL TRATAMIENTO DE SUS DATOS? La empresa responsable del tratamiento de sus datos es Medina Media S.L. (en adelante, \u201cMEDINA MEDIA\u201d o la \u201cEMPRESA\u201d) con n\u00famero de C.I.F.: B-93634954 y domicilio social en Plaza de la Constituci\u00f3n, 12, 28270 Colmenarejo, Madrid (Espa\u00f1a). La presente pol\u00edtica de privacidad regula el [&hellip;]\" \/>\n<meta property=\"og:url\" content=\"https:\/\/biomedandtechtalks.com\/en\/privacy-notice\/\" \/>\n<meta property=\"og:site_name\" content=\"Bio Med &amp; Tech Talks\" \/>\n<meta property=\"article:modified_time\" content=\"2023-12-13T17:18:40+00:00\" \/>\n<meta name=\"twitter:card\" content=\"summary_large_image\" \/>\n<meta name=\"twitter:label1\" content=\"Est. reading time\" \/>\n\t<meta name=\"twitter:data1\" content=\"7 minutes\" \/>\n<script type=\"application\/ld+json\" class=\"yoast-schema-graph\">{\"@context\":\"https:\\\/\\\/schema.org\",\"@graph\":[{\"@type\":\"WebPage\",\"@id\":\"https:\\\/\\\/biomedandtechtalks.com\\\/en\\\/privacy-notice\\\/\",\"url\":\"https:\\\/\\\/biomedandtechtalks.com\\\/en\\\/privacy-notice\\\/\",\"name\":\"Privacy notice &#8212; Bio Med &amp; Tech Talks\",\"isPartOf\":{\"@id\":\"https:\\\/\\\/biomedandtechtalks.com\\\/en\\\/#website\"},\"datePublished\":\"2023-12-11T09:45:25+00:00\",\"dateModified\":\"2023-12-13T17:18:40+00:00\",\"breadcrumb\":{\"@id\":\"https:\\\/\\\/biomedandtechtalks.com\\\/en\\\/privacy-notice\\\/#breadcrumb\"},\"inLanguage\":\"en-US\",\"potentialAction\":[{\"@type\":\"ReadAction\",\"target\":[\"https:\\\/\\\/biomedandtechtalks.com\\\/en\\\/privacy-notice\\\/\"]}]},{\"@type\":\"BreadcrumbList\",\"@id\":\"https:\\\/\\\/biomedandtechtalks.com\\\/en\\\/privacy-notice\\\/#breadcrumb\",\"itemListElement\":[{\"@type\":\"ListItem\",\"position\":1,\"name\":\"Portada\",\"item\":\"https:\\\/\\\/biomedandtechtalks.com\\\/en\\\/\"},{\"@type\":\"ListItem\",\"position\":2,\"name\":\"Privacy notice\"}]},{\"@type\":\"WebSite\",\"@id\":\"https:\\\/\\\/biomedandtechtalks.com\\\/en\\\/#website\",\"url\":\"https:\\\/\\\/biomedandtechtalks.com\\\/en\\\/\",\"name\":\"Bio Med & Tech Talks\",\"description\":\"Tu cita con la Investigaci\u00f3n y la Innovaci\u00f3n\",\"publisher\":{\"@id\":\"https:\\\/\\\/biomedandtechtalks.com\\\/en\\\/#organization\"},\"potentialAction\":[{\"@type\":\"SearchAction\",\"target\":{\"@type\":\"EntryPoint\",\"urlTemplate\":\"https:\\\/\\\/biomedandtechtalks.com\\\/en\\\/?s={search_term_string}\"},\"query-input\":{\"@type\":\"PropertyValueSpecification\",\"valueRequired\":true,\"valueName\":\"search_term_string\"}}],\"inLanguage\":\"en-US\"},{\"@type\":\"Organization\",\"@id\":\"https:\\\/\\\/biomedandtechtalks.com\\\/en\\\/#organization\",\"name\":\"Bio Med & Tech Talks\",\"url\":\"https:\\\/\\\/biomedandtechtalks.com\\\/en\\\/\",\"logo\":{\"@type\":\"ImageObject\",\"inLanguage\":\"en-US\",\"@id\":\"https:\\\/\\\/biomedandtechtalks.com\\\/en\\\/#\\\/schema\\\/logo\\\/image\\\/\",\"url\":\"https:\\\/\\\/biomedandtechtalks.com\\\/web\\\/wp-content\\\/uploads\\\/2023\\\/12\\\/screenshot.png\",\"contentUrl\":\"https:\\\/\\\/biomedandtechtalks.com\\\/web\\\/wp-content\\\/uploads\\\/2023\\\/12\\\/screenshot.png\",\"width\":1200,\"height\":900,\"caption\":\"Bio Med & Tech Talks\"},\"image\":{\"@id\":\"https:\\\/\\\/biomedandtechtalks.com\\\/en\\\/#\\\/schema\\\/logo\\\/image\\\/\"}}]}<\/script>\n<!-- \/ Yoast SEO plugin. -->","yoast_head_json":{"title":"Privacy notice &#8212; Bio Med &amp; Tech Talks","robots":{"index":"index","follow":"follow","max-snippet":"max-snippet:-1","max-image-preview":"max-image-preview:large","max-video-preview":"max-video-preview:-1"},"canonical":"https:\/\/biomedandtechtalks.com\/en\/privacy-notice\/","og_locale":"en_US","og_type":"article","og_title":"Privacy notice &#8212; Bio Med &amp; Tech Talks","og_description":"1.- \u00bfCU\u00c1L ES LA EMPRESA RESPONSABLE DEL TRATAMIENTO DE SUS DATOS? La empresa responsable del tratamiento de sus datos es Medina Media S.L. (en adelante, \u201cMEDINA MEDIA\u201d o la \u201cEMPRESA\u201d) con n\u00famero de C.I.F.: B-93634954 y domicilio social en Plaza de la Constituci\u00f3n, 12, 28270 Colmenarejo, Madrid (Espa\u00f1a). La presente pol\u00edtica de privacidad regula el [&hellip;]","og_url":"https:\/\/biomedandtechtalks.com\/en\/privacy-notice\/","og_site_name":"Bio Med &amp; Tech Talks","article_modified_time":"2023-12-13T17:18:40+00:00","twitter_card":"summary_large_image","twitter_misc":{"Est. reading time":"7 minutes"},"schema":{"@context":"https:\/\/schema.org","@graph":[{"@type":"WebPage","@id":"https:\/\/biomedandtechtalks.com\/en\/privacy-notice\/","url":"https:\/\/biomedandtechtalks.com\/en\/privacy-notice\/","name":"Privacy notice &#8212; Bio Med &amp; Tech Talks","isPartOf":{"@id":"https:\/\/biomedandtechtalks.com\/en\/#website"},"datePublished":"2023-12-11T09:45:25+00:00","dateModified":"2023-12-13T17:18:40+00:00","breadcrumb":{"@id":"https:\/\/biomedandtechtalks.com\/en\/privacy-notice\/#breadcrumb"},"inLanguage":"en-US","potentialAction":[{"@type":"ReadAction","target":["https:\/\/biomedandtechtalks.com\/en\/privacy-notice\/"]}]},{"@type":"BreadcrumbList","@id":"https:\/\/biomedandtechtalks.com\/en\/privacy-notice\/#breadcrumb","itemListElement":[{"@type":"ListItem","position":1,"name":"Portada","item":"https:\/\/biomedandtechtalks.com\/en\/"},{"@type":"ListItem","position":2,"name":"Privacy notice"}]},{"@type":"WebSite","@id":"https:\/\/biomedandtechtalks.com\/en\/#website","url":"https:\/\/biomedandtechtalks.com\/en\/","name":"Bio Med & Tech Talks","description":"Tu cita con la Investigaci\u00f3n y la Innovaci\u00f3n","publisher":{"@id":"https:\/\/biomedandtechtalks.com\/en\/#organization"},"potentialAction":[{"@type":"SearchAction","target":{"@type":"EntryPoint","urlTemplate":"https:\/\/biomedandtechtalks.com\/en\/?s={search_term_string}"},"query-input":{"@type":"PropertyValueSpecification","valueRequired":true,"valueName":"search_term_string"}}],"inLanguage":"en-US"},{"@type":"Organization","@id":"https:\/\/biomedandtechtalks.com\/en\/#organization","name":"Bio Med & Tech Talks","url":"https:\/\/biomedandtechtalks.com\/en\/","logo":{"@type":"ImageObject","inLanguage":"en-US","@id":"https:\/\/biomedandtechtalks.com\/en\/#\/schema\/logo\/image\/","url":"https:\/\/biomedandtechtalks.com\/web\/wp-content\/uploads\/2023\/12\/screenshot.png","contentUrl":"https:\/\/biomedandtechtalks.com\/web\/wp-content\/uploads\/2023\/12\/screenshot.png","width":1200,"height":900,"caption":"Bio Med & Tech Talks"},"image":{"@id":"https:\/\/biomedandtechtalks.com\/en\/#\/schema\/logo\/image\/"}}]}},"_links":{"self":[{"href":"https:\/\/biomedandtechtalks.com\/en\/wp-json\/wp\/v2\/pages\/7077","targetHints":{"allow":["GET"]}}],"collection":[{"href":"https:\/\/biomedandtechtalks.com\/en\/wp-json\/wp\/v2\/pages"}],"about":[{"href":"https:\/\/biomedandtechtalks.com\/en\/wp-json\/wp\/v2\/types\/page"}],"author":[{"embeddable":true,"href":"https:\/\/biomedandtechtalks.com\/en\/wp-json\/wp\/v2\/users\/1"}],"replies":[{"embeddable":true,"href":"https:\/\/biomedandtechtalks.com\/en\/wp-json\/wp\/v2\/comments?post=7077"}],"version-history":[{"count":0,"href":"https:\/\/biomedandtechtalks.com\/en\/wp-json\/wp\/v2\/pages\/7077\/revisions"}],"wp:attachment":[{"href":"https:\/\/biomedandtechtalks.com\/en\/wp-json\/wp\/v2\/media?parent=7077"}],"curies":[{"name":"wp","href":"https:\/\/api.w.org\/{rel}","templated":true}]}}